{"id":1467,"date":"2017-09-25T19:03:23","date_gmt":"2017-09-25T19:03:23","guid":{"rendered":"http:\/\/demo.gloriathemes.com\/wp\/wikilogy\/?page_id=11"},"modified":"2025-08-27T16:07:00","modified_gmt":"2025-08-27T20:07:00","slug":"home-1-wiki","status":"publish","type":"page","link":"http:\/\/movilh.cl\/archivo\/","title":{"rendered":"Home 1 &#8211; Wiki"},"content":{"rendered":"<p>[vc_row full_width=&#8221;stretch_row_content_no_spaces&#8221; el_class=&#8221;overflowVisible&#8221;][vc_column width=&#8221;1\/2&#8243; offset=&#8221;vc_col-lg-6 vc_col-md-8 vc_col-xs-12&#8243; css=&#8221;.vc_custom_1624842820176{padding-right: 1.508rem !important;padding-left: 1.508rem !important;}&#8221;]<div class=\"wikilogy-title style-4\"><div class=\"title-text\"><div class=\"title\">Archivos destacados<\/div><\/div><\/div>[vc_empty_space height=&#8221;1.308rem&#8221;]<div class=\"feature-box column-3\"><div class=\"item\"><div class=\"post-list-styles post-list-style-5\"><div class=\"content\" style=\"background-image:url(http:\/\/movilh.cl\/archivo\/wp-content\/uploads\/2021\/06\/Movilh-550x500.jpg);\"><a href=\"http:\/\/movilh.cl\/archivo\/content\/logros-30-anos-del-movilh\/\" title=\"Movilh, logros de 30 a\u00f1os\"><\/a><div class=\"inner\"><div class=\"title\">Movilh, logros de 30 a\u00f1os<\/div><\/div><\/div><\/div><div class=\"hover\"><div class=\"content\" style=\"background-image:url(http:\/\/movilh.cl\/archivo\/wp-content\/uploads\/2021\/06\/Movilh-550x500.jpg);\"><a href=\"http:\/\/movilh.cl\/archivo\/content\/logros-30-anos-del-movilh\/\"><\/a><div class=\"inner\"><div class=\"title\">Movilh, logros de 30 a\u00f1os<\/div><div class=\"post-information style-1\"><ul><li class=\"author\"><a href=\"http:\/\/movilh.cl\/archivo\/author\/archivo_gonzalo\/\"><img alt='' src='https:\/\/secure.gravatar.com\/avatar\/1e7cf4708d24bc4e97b376b5e6f0c5997d9b298f84db663201a374f64135126a?s=20&#038;d=mm&#038;r=g' srcset='https:\/\/secure.gravatar.com\/avatar\/1e7cf4708d24bc4e97b376b5e6f0c5997d9b298f84db663201a374f64135126a?s=40&#038;d=mm&#038;r=g 2x' class='avatar avatar-20 photo' height='20' width='20' \/><span>Movilh Chile<\/span><\/a><\/li><li class=\"category\"><i class=\"far fa-folder-open\"><\/i><\/li><li class=\"date\"><i class=\"far fa-clock\"><\/i>Junio 26, 2021<\/li><\/ul><\/div><\/div><\/div><\/div><\/div><div class=\"item\"><div class=\"post-list-styles post-list-style-5\"><div class=\"content\" style=\"background-image:url(http:\/\/movilh.cl\/archivo\/wp-content\/uploads\/2021\/06\/opusgay-550x500.jpg);\"><a href=\"http:\/\/movilh.cl\/archivo\/content\/opusgay\/\" title=\"Opusgay\"><\/a><div class=\"inner\"><div class=\"title\">Opusgay<\/div><\/div><\/div><\/div><div class=\"hover\"><div class=\"content\" style=\"background-image:url(http:\/\/movilh.cl\/archivo\/wp-content\/uploads\/2021\/06\/opusgay-550x500.jpg);\"><a href=\"http:\/\/movilh.cl\/archivo\/content\/opusgay\/\"><\/a><div class=\"inner\"><div class=\"title\">Opusgay<\/div><div class=\"post-information style-1\"><ul><li class=\"author\"><a href=\"http:\/\/movilh.cl\/archivo\/author\/archivo_gonzalo\/\"><img alt='' src='https:\/\/secure.gravatar.com\/avatar\/1e7cf4708d24bc4e97b376b5e6f0c5997d9b298f84db663201a374f64135126a?s=20&#038;d=mm&#038;r=g' srcset='https:\/\/secure.gravatar.com\/avatar\/1e7cf4708d24bc4e97b376b5e6f0c5997d9b298f84db663201a374f64135126a?s=40&#038;d=mm&#038;r=g 2x' class='avatar avatar-20 photo' height='20' width='20' \/><span>Movilh Chile<\/span><\/a><\/li><li class=\"category\"><i class=\"far fa-folder-open\"><\/i><\/li><li class=\"date\"><i class=\"far fa-clock\"><\/i>Junio 26, 2021<\/li><\/ul><\/div><\/div><\/div><\/div><\/div><div class=\"item\"><div class=\"post-list-styles post-list-style-5\"><div class=\"content\" style=\"background-image:url(http:\/\/movilh.cl\/archivo\/wp-content\/uploads\/2021\/06\/marchas-550x500.jpg);\"><a href=\"http:\/\/movilh.cl\/archivo\/content\/marchas-protestas-y-manifestaciones\/\" title=\"Marchas, protestas y manifestaciones\"><\/a><div class=\"inner\"><div class=\"title\">Marchas, protestas y manifestaciones<\/div><\/div><\/div><\/div><div class=\"hover\"><div class=\"content\" style=\"background-image:url(http:\/\/movilh.cl\/archivo\/wp-content\/uploads\/2021\/06\/marchas-550x500.jpg);\"><a href=\"http:\/\/movilh.cl\/archivo\/content\/marchas-protestas-y-manifestaciones\/\"><\/a><div class=\"inner\"><div class=\"title\">Marchas, protestas y manifestaciones<\/div><div class=\"post-information style-1\"><ul><li class=\"author\"><a href=\"http:\/\/movilh.cl\/archivo\/author\/archivo_gonzalo\/\"><img alt='' src='https:\/\/secure.gravatar.com\/avatar\/1e7cf4708d24bc4e97b376b5e6f0c5997d9b298f84db663201a374f64135126a?s=20&#038;d=mm&#038;r=g' srcset='https:\/\/secure.gravatar.com\/avatar\/1e7cf4708d24bc4e97b376b5e6f0c5997d9b298f84db663201a374f64135126a?s=40&#038;d=mm&#038;r=g 2x' class='avatar avatar-20 photo' height='20' width='20' \/><span>Movilh Chile<\/span><\/a><\/li><li class=\"category\"><i class=\"far fa-folder-open\"><\/i><\/li><li class=\"date\"><i class=\"far fa-clock\"><\/i>Junio 26, 2021<\/li><\/ul><\/div><\/div><\/div><\/div><\/div><div class=\"item\"><div class=\"post-list-styles post-list-style-5\"><div class=\"content\" style=\"background-image:url(http:\/\/movilh.cl\/archivo\/wp-content\/uploads\/2021\/06\/politicas-publicas-550x500.jpg);\"><a href=\"http:\/\/movilh.cl\/archivo\/content\/lucha-por-politicas-publicas\/\" title=\"Lucha por pol\u00edticas p\u00fablicas\"><\/a><div class=\"inner\"><div class=\"title\">Lucha por pol\u00edticas p\u00fablicas<\/div><\/div><\/div><\/div><div class=\"hover\"><div class=\"content\" style=\"background-image:url(http:\/\/movilh.cl\/archivo\/wp-content\/uploads\/2021\/06\/politicas-publicas-550x500.jpg);\"><a href=\"http:\/\/movilh.cl\/archivo\/content\/lucha-por-politicas-publicas\/\"><\/a><div class=\"inner\"><div class=\"title\">Lucha por pol\u00edticas p\u00fablicas<\/div><div class=\"post-information style-1\"><ul><li class=\"author\"><a href=\"http:\/\/movilh.cl\/archivo\/author\/archivo_gonzalo\/\"><img alt='' src='https:\/\/secure.gravatar.com\/avatar\/1e7cf4708d24bc4e97b376b5e6f0c5997d9b298f84db663201a374f64135126a?s=20&#038;d=mm&#038;r=g' srcset='https:\/\/secure.gravatar.com\/avatar\/1e7cf4708d24bc4e97b376b5e6f0c5997d9b298f84db663201a374f64135126a?s=40&#038;d=mm&#038;r=g 2x' class='avatar avatar-20 photo' height='20' width='20' \/><span>Movilh Chile<\/span><\/a><\/li><li class=\"category\"><i class=\"far fa-folder-open\"><\/i><\/li><li class=\"date\"><i class=\"far fa-clock\"><\/i>Junio 26, 2021<\/li><\/ul><\/div><\/div><\/div><\/div><\/div><div class=\"item\"><div class=\"post-list-styles post-list-style-5\"><div class=\"content\" style=\"background-image:url(http:\/\/movilh.cl\/archivo\/wp-content\/uploads\/2021\/06\/igualdad-legal-550x500.jpg);\"><a href=\"http:\/\/movilh.cl\/archivo\/content\/lucha-por-la-igualdad-legal\/\" title=\"Lucha por la igualdad legal\"><\/a><div class=\"inner\"><div class=\"title\">Lucha por la igualdad legal<\/div><\/div><\/div><\/div><div class=\"hover\"><div class=\"content\" style=\"background-image:url(http:\/\/movilh.cl\/archivo\/wp-content\/uploads\/2021\/06\/igualdad-legal-550x500.jpg);\"><a href=\"http:\/\/movilh.cl\/archivo\/content\/lucha-por-la-igualdad-legal\/\"><\/a><div class=\"inner\"><div class=\"title\">Lucha por la igualdad legal<\/div><div class=\"post-information style-1\"><ul><li class=\"author\"><a href=\"http:\/\/movilh.cl\/archivo\/author\/archivo_gonzalo\/\"><img alt='' src='https:\/\/secure.gravatar.com\/avatar\/1e7cf4708d24bc4e97b376b5e6f0c5997d9b298f84db663201a374f64135126a?s=20&#038;d=mm&#038;r=g' srcset='https:\/\/secure.gravatar.com\/avatar\/1e7cf4708d24bc4e97b376b5e6f0c5997d9b298f84db663201a374f64135126a?s=40&#038;d=mm&#038;r=g 2x' class='avatar avatar-20 photo' height='20' width='20' \/><span>Movilh Chile<\/span><\/a><\/li><li class=\"category\"><i class=\"far fa-folder-open\"><\/i><\/li><li class=\"date\"><i class=\"far fa-clock\"><\/i>Junio 26, 2021<\/li><\/ul><\/div><\/div><\/div><\/div><\/div><div class=\"item\"><div class=\"post-list-styles post-list-style-5\"><div class=\"content\" style=\"background-image:url(http:\/\/movilh.cl\/archivo\/wp-content\/uploads\/2021\/06\/casos-discriminacion-550x500.jpg);\"><a href=\"http:\/\/movilh.cl\/archivo\/content\/casos-de-discriminacion\/\" title=\"Casos de discriminaci\u00f3n\"><\/a><div class=\"inner\"><div class=\"title\">Casos de discriminaci\u00f3n<\/div><\/div><\/div><\/div><div class=\"hover\"><div class=\"content\" style=\"background-image:url(http:\/\/movilh.cl\/archivo\/wp-content\/uploads\/2021\/06\/casos-discriminacion-550x500.jpg);\"><a href=\"http:\/\/movilh.cl\/archivo\/content\/casos-de-discriminacion\/\"><\/a><div class=\"inner\"><div class=\"title\">Casos de discriminaci\u00f3n<\/div><div class=\"post-information style-1\"><ul><li class=\"author\"><a href=\"http:\/\/movilh.cl\/archivo\/author\/archivo_gonzalo\/\"><img alt='' src='https:\/\/secure.gravatar.com\/avatar\/1e7cf4708d24bc4e97b376b5e6f0c5997d9b298f84db663201a374f64135126a?s=20&#038;d=mm&#038;r=g' srcset='https:\/\/secure.gravatar.com\/avatar\/1e7cf4708d24bc4e97b376b5e6f0c5997d9b298f84db663201a374f64135126a?s=40&#038;d=mm&#038;r=g 2x' class='avatar avatar-20 photo' height='20' width='20' \/><span>Movilh Chile<\/span><\/a><\/li><li class=\"category\"><i class=\"far fa-folder-open\"><\/i><\/li><li class=\"date\"><i class=\"far fa-clock\"><\/i>Junio 25, 2021<\/li><\/ul><\/div><\/div><\/div><\/div><\/div><\/div>[vc_empty_space height=&#8221;1.308rem&#8221;][\/vc_column][vc_column width=&#8221;1\/2&#8243;][vc_empty_space][vc_row_inner el_class=&#8221;content-based-left-wrapper&#8221;][vc_column_inner css=&#8221;.vc_custom_1624833683568{padding-top: 2.308rem !important;padding-right: 2.308rem !important;padding-left: 2.308rem !important;}&#8221; offset=&#8221;vc_col-lg-4 vc_hidden-md vc_col-xs-12&#8243;]<div class=\"wikilogy-title style-4\"><div class=\"title-text\"><div class=\"title\">Archivos por a\u00f1o<\/div><\/div><\/div>[vc_empty_space height=&#8221;1.308rem&#8221;]<ul class=\"category-list style-2\"><li><a class=\"main-title\" href=\"http:\/\/movilh.cl\/archivo\/category\/1875-1991\/\" title=\"1875-1991\">1875-1991<\/a><\/li><li><a class=\"main-title\" href=\"http:\/\/movilh.cl\/archivo\/category\/1991\/\" title=\"1991\">1991<\/a><\/li><li><a class=\"main-title\" href=\"http:\/\/movilh.cl\/archivo\/category\/1992\/\" title=\"1992\">1992<\/a><\/li><li><a class=\"main-title\" href=\"http:\/\/movilh.cl\/archivo\/category\/1993\/\" title=\"1993\">1993<\/a><\/li><li><a class=\"main-title\" href=\"http:\/\/movilh.cl\/archivo\/category\/1994\/\" title=\"1994\">1994<\/a><\/li><li><a class=\"main-title\" href=\"http:\/\/movilh.cl\/archivo\/category\/1995\/\" title=\"1995\">1995<\/a><\/li><li><a class=\"main-title\" href=\"http:\/\/movilh.cl\/archivo\/category\/1996\/\" title=\"1996\">1996<\/a><\/li><li><a class=\"main-title\" href=\"http:\/\/movilh.cl\/archivo\/category\/1997\/\" title=\"1997\">1997<\/a><\/li><li><a class=\"main-title\" href=\"http:\/\/movilh.cl\/archivo\/category\/1998\/\" title=\"1998\">1998<\/a><\/li><li><a class=\"main-title\" href=\"http:\/\/movilh.cl\/archivo\/category\/1999\/\" title=\"1999\">1999<\/a><\/li><li><a class=\"main-title\" href=\"http:\/\/movilh.cl\/archivo\/category\/2000\/\" title=\"2000\">2000<\/a><\/li><li><a class=\"main-title\" href=\"http:\/\/movilh.cl\/archivo\/category\/2001\/\" title=\"2001\">2001<\/a><\/li><li><a class=\"main-title\" href=\"http:\/\/movilh.cl\/archivo\/category\/2002\/\" title=\"2002\">2002<\/a><\/li><li><a class=\"main-title\" href=\"http:\/\/movilh.cl\/archivo\/category\/2003\/\" title=\"2003\">2003<\/a><\/li><li><a class=\"main-title\" href=\"http:\/\/movilh.cl\/archivo\/category\/2004\/\" title=\"2004\">2004<\/a><\/li><li><a class=\"main-title\" href=\"http:\/\/movilh.cl\/archivo\/category\/2005\/\" title=\"2005\">2005<\/a><\/li><li><a class=\"main-title\" href=\"http:\/\/movilh.cl\/archivo\/category\/2006\/\" title=\"2006\">2006<\/a><\/li><li><a class=\"main-title\" href=\"http:\/\/movilh.cl\/archivo\/category\/2007\/\" title=\"2007\">2007<\/a><\/li><li><a class=\"main-title\" href=\"http:\/\/movilh.cl\/archivo\/category\/2008\/\" title=\"2008\">2008<\/a><\/li><li><a class=\"main-title\" href=\"http:\/\/movilh.cl\/archivo\/category\/2009\/\" title=\"2009\">2009<\/a><\/li><li><a class=\"main-title\" href=\"http:\/\/movilh.cl\/archivo\/category\/2010\/\" title=\"2010\">2010<\/a><\/li><li><a class=\"main-title\" href=\"http:\/\/movilh.cl\/archivo\/category\/2011\/\" title=\"2011\">2011<\/a><\/li><\/ul>[vc_empty_space height=&#8221;1.308rem&#8221;][\/vc_column_inner][vc_column_inner offset=&#8221;vc_col-lg-8 vc_col-md-12 vc_col-xs-12&#8243; css=&#8221;.vc_custom_1624833949724{padding-left: 2.308rem !important;}&#8221;][vc_empty_space height=&#8221;1.308rem&#8221;]<div class=\"wikilogy-title style-4\"><div class=\"title-text\"><div class=\"title\">Historia anual<\/div><\/div><\/div>[vc_empty_space height=&#8221;1.308rem&#8221;][vc_single_image image=&#8221;4653&#8243; img_size=&#8221;full&#8221; onclick=&#8221;custom_link&#8221; img_link_target=&#8221;_blank&#8221; link=&#8221;https:\/\/www.movilh.cl\/wp-content\/uploads\/2025\/03\/XXIII.-Informe-Anual-de-DDHH-Diversidad-Sexual-y-de-Genero-2024-Movilh.pdf&#8221;][\/vc_column_inner][\/vc_row_inner][\/vc_column][\/vc_row][vc_row][vc_column][vc_empty_space]<div class=\"wikilogy-title style-4\"><div class=\"title-text\"><div class=\"title\">Buscador<\/div><\/div><\/div>[vc_empty_space]<div class=\"wikilogy-search-form style-1\"><form role=\"search\" method=\"get\" class=\"searchform\" action=\"http:\/\/movilh.cl\/archivo\/\">\n\t\t\t<div class=\"search-form\">\n\t\t\t\t<input type=\"text\" value=\"\" placeholder=\"Ingresa una palabra...\" name=\"s\" class=\"searchform-text\" \/>\n\t\t\t\t<button><i class=\"fas fa-search\"><\/i><\/button>\n\t\t\t<\/div>\n\t\t<\/form><\/div>[vc_empty_space][vc_column_text css_animation=&#8221;none&#8221;]<\/p>\n<blockquote>\n<h4><span style=\"font-family: 'book antiqua', palatino, serif;\">Somos el <strong>\u00c1rea Cultural y Acad\u00e9mica<\/strong> del Movimiento de Integraci\u00f3n y Liberaci\u00f3n Homosexual (Movilh).<\/span><\/h4>\n<h4><span style=\"font-family: 'book antiqua', palatino, serif;\">En el marco de nuestro <strong>30 aniversario<\/strong> nos planteamos el desaf\u00edo de recopilar archivos de prensa y\/o documentos hist\u00f3ricos del activismo LGBTIQ+ de nuestra organizaci\u00f3n, surgida en 1991, as\u00ed como escritos y noticias previas a ese a\u00f1o y hasta el 2011.<\/span><\/h4>\n<h4><span style=\"font-family: 'book antiqua', palatino, serif;\">Recopilamos, hasta ahora, 2.435 archivos hist\u00f3ricos sobre tem\u00e1ticas LGBTIQ+, el m\u00e1s grande del pa\u00eds.<\/span><\/h4>\n<\/blockquote>\n<p>[\/vc_column_text][vc_empty_space][vc_hoverbox image=&#8221;4627&#8243; primary_title=&#8221;&#8221; hover_title=&#8221;&#8221;]En un per\u00edodo como el actual, donde la desinformaci\u00f3n es superior a la informaci\u00f3n y las noticias falsas son cotidianas y diarias; en especial en las\u00a0 redes sociales donde el Movilh es el grupo LGBTIQ+ chileno m\u00e1s atacado e injuriado por sectores\u00a0 homo\/lesbo\/bi\/transf\u00f3bicos; es necesario poner a disposici\u00f3n de todas las personas interesadas en la historia LGBTIQ+ parte de la cobertura de prensa otorgada al Movilh en sus primeros 20 a\u00f1os de trayectoria.[\/vc_hoverbox][\/vc_column][\/vc_row][vc_row][vc_column][vc_empty_space height=&#8221;50px&#8221;][\/vc_column][\/vc_row][vc_row][vc_column][vc_video link=&#8221;https:\/\/www.youtube.com\/watch?v=Kmkf4iRlTiA&#8221;][\/vc_column][\/vc_row][vc_row][vc_column][vc_empty_space][\/vc_column][\/vc_row]<\/p>\n","protected":false},"excerpt":{"rendered":"<p>[vc_row full_width=&#8221;stretch_row_content_no_spaces&#8221; el_class=&#8221;overflowVisible&#8221;][vc_column width=&#8221;1\/2&#8243; offset=&#8221;vc_col-lg-6 vc_col-md-8 vc_col-xs-12&#8243; css=&#8221;.vc_custom_1624842820176{padding-right: 1.508rem !important;padding-left: 1.508rem !important;}&#8221;][vc_empty_space height=&#8221;1.308rem&#8221;][vc_empty_space height=&#8221;1.308rem&#8221;][\/vc_column][vc_column width=&#8221;1\/2&#8243;][vc_empty_space][vc_row_inner el_class=&#8221;content-based-left-wrapper&#8221;][vc_column_inner css=&#8221;.vc_custom_1624833683568{padding-top: 2.308rem !important;padding-right: 2.308rem !important;padding-left: 2.308rem !important;}&#8221; offset=&#8221;vc_col-lg-4 vc_hidden-md vc_col-xs-12&#8243;][vc_empty_space height=&#8221;1.308rem&#8221;][vc_empty_space height=&#8221;1.308rem&#8221;][\/vc_column_inner][vc_column_inner offset=&#8221;vc_col-lg-8 vc_col-md-12 vc_col-xs-12&#8243; css=&#8221;.vc_custom_1624833949724{padding-left: 2.308rem !important;}&#8221;][vc_empty_space height=&#8221;1.308rem&#8221;][vc_empty_space height=&#8221;1.308rem&#8221;][vc_single_image image=&#8221;4653&#8243; img_size=&#8221;full&#8221; onclick=&#8221;custom_link&#8221; img_link_target=&#8221;_blank&#8221; link=&#8221;https:\/\/www.movilh.cl\/wp-content\/uploads\/2025\/03\/XXIII.-Informe-Anual-de-DDHH-Diversidad-Sexual-y-de-Genero-2024-Movilh.pdf&#8221;][\/vc_column_inner][\/vc_row_inner][\/vc_column][\/vc_row][vc_row][vc_column][vc_empty_space][vc_empty_space][vc_empty_space][vc_column_text css_animation=&#8221;none&#8221;] Somos el \u00c1rea Cultural y Acad\u00e9mica del Movimiento de Integraci\u00f3n y Liberaci\u00f3n Homosexual&#8230;<\/p>\n","protected":false},"author":1,"featured_media":4425,"parent":0,"menu_order":0,"comment_status":"closed","ping_status":"closed","template":"","meta":{"footnotes":""},"class_list":["post-1467","page","type-page","status-publish","has-post-thumbnail","hentry"],"_links":{"self":[{"href":"http:\/\/movilh.cl\/archivo\/wp-json\/wp\/v2\/pages\/1467","targetHints":{"allow":["GET"]}}],"collection":[{"href":"http:\/\/movilh.cl\/archivo\/wp-json\/wp\/v2\/pages"}],"about":[{"href":"http:\/\/movilh.cl\/archivo\/wp-json\/wp\/v2\/types\/page"}],"author":[{"embeddable":true,"href":"http:\/\/movilh.cl\/archivo\/wp-json\/wp\/v2\/users\/1"}],"replies":[{"embeddable":true,"href":"http:\/\/movilh.cl\/archivo\/wp-json\/wp\/v2\/comments?post=1467"}],"version-history":[{"count":76,"href":"http:\/\/movilh.cl\/archivo\/wp-json\/wp\/v2\/pages\/1467\/revisions"}],"predecessor-version":[{"id":4654,"href":"http:\/\/movilh.cl\/archivo\/wp-json\/wp\/v2\/pages\/1467\/revisions\/4654"}],"wp:featuredmedia":[{"embeddable":true,"href":"http:\/\/movilh.cl\/archivo\/wp-json\/wp\/v2\/media\/4425"}],"wp:attachment":[{"href":"http:\/\/movilh.cl\/archivo\/wp-json\/wp\/v2\/media?parent=1467"}],"curies":[{"name":"wp","href":"https:\/\/api.w.org\/{rel}","templated":true}]}}