{"id":38,"date":"2021-06-15T19:20:50","date_gmt":"2021-06-15T23:20:50","guid":{"rendered":"http:\/\/movilh.cl\/archivo\/?page_id=38"},"modified":"2021-06-28T09:09:54","modified_gmt":"2021-06-28T13:09:54","slug":"1875-1990","status":"publish","type":"page","link":"http:\/\/movilh.cl\/archivo\/1875-1990\/","title":{"rendered":"1875-1990"},"content":{"rendered":"<p><span style=\"font-size: 14pt;\">En este per\u00edodo predomina la homo\/transfobia en todos los espacios y niveles. Pese a ello, los archivos destacan la primera manifestaci\u00f3n pro-derechos humanos que un grupo trabajadores\/as sexuales\u00a0 LGBTIQ+ efectu\u00f3 en abril de 1973 en la Plaza de Armas, as\u00ed como\u00a0 una entrevista dada a un medio de comunicaci\u00f3n por el colectivo l\u00e9sbico Ayuquel\u00e9n, fundado en 1984.<\/span><\/p>\n<p><span style=\"font-size: 14pt;\">Si bien la hist\u00f3rica marcha de 1973 no\u00a0 deriv\u00f3 en nuevas manifestaciones y\/o en la creaci\u00f3n de alg\u00fan movimiento, mientras el colectivo l\u00e9sbico Ayuquel\u00e9n fue principalmente un espacio privado y seguro de debate entre mujeres diversas; a un punto que solo se conoce de una entrevista a un medio de comunicaci\u00f3n bajo la Dictadura; ambos\u00a0 hechos son dos grandes hitos del activismo LGBTIQ+ en este per\u00edodo que marcan y un despu\u00e9s para el avance hacia igualdad.<\/span><\/p>\n<p><span style=\"font-size: 14pt;\">A\u00fan cuando existen versiones de que la primera manifestaci\u00f3n pro-derechos de personas LGBTIQ+ ocurri\u00f3 en Santiago en 1971, la informaci\u00f3n al respecto es confusa y contradictoria en tanto no permite ubicarla en una fecha precisa, ni tampoco confirmarse, al menos a\u00fan, su veracidad.<\/span><\/p>\n<p><span style=\"font-size: 14pt;\">La recopilaci\u00f3n de este per\u00edodo tambi\u00e9n incluye algunos casos de discriminaci\u00f3n, as\u00ed como ejemplos de la odiosa y prejuiciosa cobertura de prensa brindada a las personas LGBTIQ+, adem\u00e1s de\u00a0 estudios o tesis que son abiertamente agresivos con la diversidad sexual y de g\u00e9nero.<\/span><\/p>\n<p><span style=\"font-size: 14pt;\">El per\u00edodo que corre entre 1987 y 1997 est\u00e1 tambi\u00e9n cruzado por la pionera apuesta art\u00edstica-cultural del colectivo \u201cLas Yeguas del Apocalipsis\u201d integrado por los escritores Francisco Casas y Pedro Lemebel, quienes con su arte y perfomances desafiaron a las \u00e9lites y a la academia. Para conocer m\u00e1s sobre este hist\u00f3rico colectivo, recomendamos visitar\u00a0<a href=\"http:\/\/www.yeguasdelapocalipsis.cl\/inicio\/\" target=\"_blank\" rel=\"noopener\">esta p\u00e1gina<\/a>.<\/span><\/p>\n<p>&nbsp;<\/p>\n<p>&nbsp;<\/p>\n","protected":false},"excerpt":{"rendered":"<p>En este per\u00edodo predomina la homo\/transfobia en todos los espacios y niveles. Pese a ello, los archivos destacan la primera manifestaci\u00f3n pro-derechos humanos que un grupo trabajadores\/as sexuales\u00a0 LGBTIQ+ efectu\u00f3 en abril de 1973 en la Plaza de Armas, as\u00ed como\u00a0 una entrevista dada a un medio de comunicaci\u00f3n por el colectivo l\u00e9sbico Ayuquel\u00e9n, fundado&#8230;<\/p>\n","protected":false},"author":2,"featured_media":0,"parent":0,"menu_order":0,"comment_status":"closed","ping_status":"closed","template":"","meta":{"footnotes":""},"class_list":["post-38","page","type-page","status-publish","hentry"],"_links":{"self":[{"href":"http:\/\/movilh.cl\/archivo\/wp-json\/wp\/v2\/pages\/38","targetHints":{"allow":["GET"]}}],"collection":[{"href":"http:\/\/movilh.cl\/archivo\/wp-json\/wp\/v2\/pages"}],"about":[{"href":"http:\/\/movilh.cl\/archivo\/wp-json\/wp\/v2\/types\/page"}],"author":[{"embeddable":true,"href":"http:\/\/movilh.cl\/archivo\/wp-json\/wp\/v2\/users\/2"}],"replies":[{"embeddable":true,"href":"http:\/\/movilh.cl\/archivo\/wp-json\/wp\/v2\/comments?post=38"}],"version-history":[{"count":5,"href":"http:\/\/movilh.cl\/archivo\/wp-json\/wp\/v2\/pages\/38\/revisions"}],"predecessor-version":[{"id":4642,"href":"http:\/\/movilh.cl\/archivo\/wp-json\/wp\/v2\/pages\/38\/revisions\/4642"}],"wp:attachment":[{"href":"http:\/\/movilh.cl\/archivo\/wp-json\/wp\/v2\/media?parent=38"}],"curies":[{"name":"wp","href":"https:\/\/api.w.org\/{rel}","templated":true}]}}