{"id":31,"date":"2021-06-16T12:34:31","date_gmt":"2021-06-16T16:34:31","guid":{"rendered":"http:\/\/movilh.cl\/archivo\/?page_id=31"},"modified":"2021-06-28T08:42:48","modified_gmt":"2021-06-28T12:42:48","slug":"quienes-somos","status":"publish","type":"page","link":"https:\/\/movilh.cl\/archivo\/quienes-somos\/","title":{"rendered":"Qui\u00e9nes somos"},"content":{"rendered":"\r\n<h1 style=\"text-align: center;\">Qui\u00e9nes somos<\/h1>\r\n<hr \/>\r\n<p><img loading=\"lazy\" decoding=\"async\" class=\"aligncenter size-full wp-image-4439\" src=\"http:\/\/movilh.cl\/archivo\/wp-content\/uploads\/2021\/06\/Quienes-somos-Movilh-30anos-2.jpg\" alt=\"\" width=\"1738\" height=\"756\" srcset=\"https:\/\/movilh.cl\/archivo\/wp-content\/uploads\/2021\/06\/Quienes-somos-Movilh-30anos-2.jpg 1738w, https:\/\/movilh.cl\/archivo\/wp-content\/uploads\/2021\/06\/Quienes-somos-Movilh-30anos-2-300x130.jpg 300w, https:\/\/movilh.cl\/archivo\/wp-content\/uploads\/2021\/06\/Quienes-somos-Movilh-30anos-2-1024x445.jpg 1024w, https:\/\/movilh.cl\/archivo\/wp-content\/uploads\/2021\/06\/Quienes-somos-Movilh-30anos-2-768x334.jpg 768w, https:\/\/movilh.cl\/archivo\/wp-content\/uploads\/2021\/06\/Quienes-somos-Movilh-30anos-2-1536x668.jpg 1536w\" sizes=\"auto, (max-width: 1738px) 100vw, 1738px\" \/><\/p>\r\n<hr \/>\r\n<p><span style=\"font-size: 14pt;\"><img loading=\"lazy\" decoding=\"async\" class=\"alignleft wp-image-4431 size-full\" src=\"http:\/\/movilh.cl\/archivo\/wp-content\/uploads\/2021\/06\/MOVILH-Iris-Colil.jpg\" alt=\"\" width=\"500\" height=\"334\" srcset=\"https:\/\/movilh.cl\/archivo\/wp-content\/uploads\/2021\/06\/MOVILH-Iris-Colil.jpg 500w, https:\/\/movilh.cl\/archivo\/wp-content\/uploads\/2021\/06\/MOVILH-Iris-Colil-300x200.jpg 300w\" sizes=\"auto, (max-width: 500px) 100vw, 500px\" \/>Somos el <strong>\u00c1rea Cultural y Acad\u00e9mica<\/strong> del Movimiento de Integraci\u00f3n y Liberaci\u00f3n Homosexual (Movilh).<\/span><\/p>\r\n<p><span style=\"font-size: 14pt;\">\r\n\r\n<\/span><\/p>\r\n<p><span style=\"font-size: 14pt;\">En el marco de nuestro <strong>30 aniversario<\/strong> nos planteamos el desaf\u00edo de recopilar archivos de prensa y\/o documentos hist\u00f3ricos del activismo LGBTIQ+ de nuestra organizaci\u00f3n, surgida en 1991, as\u00ed como escritos y noticias previas a ese a\u00f1o y hasta el 2011.<\/span><\/p>\r\n<p><span style=\"color: #333333; font-size: 14pt;\">Recopilamos, hasta ahora, 2.435 archivos hist\u00f3ricos sobre tem\u00e1ticas LGBTIQ+, el m\u00e1s grande del pa\u00eds.<\/span><\/p>\r\n<p><span style=\"font-size: 14pt;\">\r\n\r\n<\/span><\/p>\r\n<p><span style=\"font-size: 14pt;\">Pusimos como fecha l\u00edmite el 2011 en tanto ese a\u00f1o se consolidaron con fuerza en Chile la prensa digital y las actuales redes sociales que permiten conocer informaci\u00f3n de manera peri\u00f3dica, acelerada y que sigue en l\u00ednea, siendo su acceso\u00a0 f\u00e1cil y r\u00e1pido.<\/span><\/p>\r\n<p><span style=\"font-size: 14pt;\">\r\n\r\n<\/span><\/p>\r\n<p><span style=\"font-size: 14pt;\">En cambio, los antecedentes anteriores al 2011 referentes al activismo LGBTIQ+ est\u00e1n pr\u00e1cticamente desaparecidos de internet, ya sea porque los medios de comunicaci\u00f3n los han ido perdiendo y\/o borrando o porque la mayor\u00eda de los antecedentes fueron cubiertos por la prensa escrita,\u00a0 todo en en un contexto donde buena parte de los peri\u00f3dicos m\u00e1s aperturistas de la \u00e9poca desaparecieron ante la arremetida neoliberal que privilegia a intereses empresariales por sobre el pluralismo y la objetividad informativa.<\/span><\/p>\r\n<p><span style=\"font-size: 14pt;\">\r\n\r\n<\/span><\/p>\r\n<p><span style=\"font-size: 14pt;\">Adem\u00e1s los pocos libros que han hecho referencia al Movilh\u00a0<\/span><span style=\"font-size: 14pt;\">no entrevistaron a nuestros\/as activistas o solo consultaron una fuente y censuraron, omitieron o distorsionaron los hechos m\u00e1s relevantes de la historia de nuestra organizaci\u00f3n; tanto por intereses ideol\u00f3gicos,\u00a0 pol\u00edticos, empresariales, econ\u00f3micos, elitistas,\u00a0 corporativista o personales; a lo que se suman sesgos homo\/lesbo\/bi\/transf\u00f3bicos.<\/span><\/p>\r\n<p><span style=\"font-size: 14pt;\">\r\n\r\n<\/span><\/p>\r\n<p><span style=\"font-size: 14pt;\">En un per\u00edodo como el actual, donde la desinformaci\u00f3n es superior a la informaci\u00f3n y las noticias falsas son cotidianas y diarias; en especial en las redes sociales donde el Movilh es el grupo LGBTIQ+ chileno m\u00e1s atacado e injuriado por sectores\u00a0 homo\/lesbo\/bi\/transf\u00f3bicos; es necesario poner a disposici\u00f3n de todas las personas interesadas en la historia LGBTIQ+ parte de la cobertura de prensa otorgada a nuestra organizaci\u00f3n en sus primeros 20 a\u00f1os de trayectoria.<\/span><\/p>\r\n<p><span style=\"font-size: 14pt;\">\r\n\r\n<\/span><\/p>\r\n<p><span style=\"font-size: 14pt;\">Para conocer m\u00e1s antecedentes del Movilh se puede visitar la secci\u00f3n de <a href=\"https:\/\/www.movilh.cl\/categoria\/noticias\/\" target=\"_blank\" rel=\"noopener\">noticias de su web,<\/a> la cual cubre de manera peri\u00f3dica su accionar desde el 2001 a la fecha.<\/span><\/p>\r\n<p><span style=\"font-size: 14pt;\">\r\n\r\n<\/span><\/p>\r\n<p><span style=\"font-size: 14pt;\">En tanto, la historia detallada sobre el accionar de todos los movimientos LGBTIQ+ en Chile, as\u00ed como de los principales\u00a0 debates, logros, desaf\u00edos, tropiezos o estancamientos ocurridos en materia\u00a0 de igualdad y no discriminaci\u00f3n desde el 2002 a la fecha se encuentran en los Informes Anuales de Derechos Humanos de la Diversidad Sexual y de G\u00e9nero, publicados en la <a href=\"https:\/\/www.movilh.cl\/biblioteca\/estudios\/\" target=\"_blank\" rel=\"noopener\">biblioteca digital de Movilh<\/a>. <\/span><\/p>\r\n<p><span style=\"font-size: 14pt;\">Tales informes se han constituido en la historia anual de la poblaci\u00f3n LGBTIQ+ en Chile, en el \u00fanico catastro sobre los abusos y violencia en raz\u00f3n de la orientaci\u00f3n sexual, identidad o expresi\u00f3n de g\u00e9nero del pa\u00eds, as\u00ed como en la principal fuente sobre la materia\u00a0 utilizada por organismos nacionales e internacionales de derechos humanos y por gobiernos de diversos pa\u00edses.<\/span><\/p>\r\n<hr \/>\r\n<p>&nbsp;<\/p>\r\n<p>&nbsp;<\/p>\r\n","protected":false},"excerpt":{"rendered":"<p>Qui\u00e9nes somos Somos el \u00c1rea Cultural y Acad\u00e9mica del Movimiento de Integraci\u00f3n y Liberaci\u00f3n Homosexual (Movilh). En el marco de nuestro 30 aniversario nos planteamos el desaf\u00edo de recopilar archivos de prensa y\/o documentos hist\u00f3ricos del activismo LGBTIQ+ de nuestra organizaci\u00f3n, surgida en 1991, as\u00ed como escritos y noticias previas a ese a\u00f1o y hasta&#8230;<\/p>\n","protected":false},"author":1,"featured_media":4434,"parent":0,"menu_order":0,"comment_status":"closed","ping_status":"closed","template":"","meta":{"footnotes":""},"class_list":["post-31","page","type-page","status-publish","has-post-thumbnail","hentry"],"_links":{"self":[{"href":"https:\/\/movilh.cl\/archivo\/wp-json\/wp\/v2\/pages\/31","targetHints":{"allow":["GET"]}}],"collection":[{"href":"https:\/\/movilh.cl\/archivo\/wp-json\/wp\/v2\/pages"}],"about":[{"href":"https:\/\/movilh.cl\/archivo\/wp-json\/wp\/v2\/types\/page"}],"author":[{"embeddable":true,"href":"https:\/\/movilh.cl\/archivo\/wp-json\/wp\/v2\/users\/1"}],"replies":[{"embeddable":true,"href":"https:\/\/movilh.cl\/archivo\/wp-json\/wp\/v2\/comments?post=31"}],"version-history":[{"count":18,"href":"https:\/\/movilh.cl\/archivo\/wp-json\/wp\/v2\/pages\/31\/revisions"}],"predecessor-version":[{"id":4638,"href":"https:\/\/movilh.cl\/archivo\/wp-json\/wp\/v2\/pages\/31\/revisions\/4638"}],"wp:featuredmedia":[{"embeddable":true,"href":"https:\/\/movilh.cl\/archivo\/wp-json\/wp\/v2\/media\/4434"}],"wp:attachment":[{"href":"https:\/\/movilh.cl\/archivo\/wp-json\/wp\/v2\/media?parent=31"}],"curies":[{"name":"wp","href":"https:\/\/api.w.org\/{rel}","templated":true}]}}